{"id":61,"date":"2014-11-12T09:22:58","date_gmt":"2014-11-12T09:22:58","guid":{"rendered":"http:\/\/mosolygos.tgco.hu\/mosolygos\/?page_id=61"},"modified":"2025-01-22T21:58:25","modified_gmt":"2025-01-22T19:58:25","slug":"kisvakon-baba-mama-klub","status":"publish","type":"page","link":"https:\/\/www.mosolygos2002.hu\/?page_id=61","title":{"rendered":"Kisvakond Baba-Mama Klub"},"content":{"rendered":"<p><span style=\"font-size: 13pt;\">A Kisvakond baba-mama klub a Mosolyg\u00f3s Gyermekek\u00e9rt Alap\u00edtv\u00e1ny \u00e9s a TJ ESZI Csal\u00e1d \u00e9s Gyermekj\u00f3l\u00e9ti K\u00f6zpont k\u00f6z\u00f6s szervez\u00e9s\u00e9ben val\u00f3sul meg.<\/span><br \/>\n<span style=\"font-size: 13pt;\">A klub c\u00e9lja a kismam\u00e1kban tudatos\u00edtani, hogy mennyire gy\u00f6ny\u00f6r\u0171, de felel\u0151ss\u00e9gteljes hivat\u00e1s any\u00e1nak lenni, \u00e9s teret biztos\u00edtani az anyuk\u00e1knak, apuk\u00e1knak, hogy egym\u00e1ssal tapasztalatot &#8211; \u00e9s inform\u00e1ci\u00f3t cser\u00e9ljenek, a gyereknevel\u00e9ssel kapcsolatos dilemm\u00e1ikat megbesz\u00e9lhess\u00e9k. A gyermekek szocializ\u00e1ci\u00f3j\u00e1nak egyik els\u0151 helysz\u00ednek\u00e9nt seg\u00edti a bab\u00e1kat a majdani b\u00f6lcs\u0151dei \u00e9s \u00f3vodai z\u00f6kken\u0151mentes beszok\u00e1shoz<\/span><br \/>\n<span style=\"font-size: 13pt;\">A klubvezet\u0151k a k\u00f6tetlen besz\u00e9lget\u00e9seken t\u00fal, \u00e9ves tematika alapj\u00e1n sz\u00ednes programokkal is v\u00e1rj\u00e1k a klub l\u00e1togat\u00f3it, mint a pszichol\u00f3giai, v\u00e9d\u0151n\u0151i, \u00f3vodavezet\u0151i, munkaer\u0151-piaci tan\u00e1csad\u00e1s megh\u00edvott szakemberek \u00e1ltal, valamint kreat\u00edv foglalkoz\u00e1s, ringat\u00f3 foglalkoz\u00e1sok, de van lehet\u0151s\u00e9g egym\u00e1s k\u00f6z\u00f6tt kin\u0151tt ruh\u00e1kat, m\u00e1r nem haszn\u00e1lt j\u00e1t\u00e9kokat cser\u00e9j\u00e9re is egym\u00e1s k\u00f6z\u00f6tt.<\/span><br \/>\n<span style=\"font-size: 13pt;\"><strong>A klub minden h\u00e9ten, kedden, 9:30-11:30 k\u00f6z\u00f6tt<\/strong>, tiszta, nyugodt \u00e9s bar\u00e1ts\u00e1gos k\u00f6rnyezetben v\u00e1rja a r\u00e9sztvev\u0151ket, a kisgyermekek sz\u00e1m\u00e1ra sz\u00e1mtalan a \u00e9letkoruknak megfelel\u0151 fejleszt\u0151 j\u00e1t\u00e9kokkal, \u00e9s berendez\u00e9si t\u00e1rgyakkal. <\/span><\/p>\n<p><span style=\"font-size: 13pt;\">A r\u00e9szv\u00e9tel ingyenes.<\/span><\/p>\n<p><span style=\"font-size: 13pt;\"><strong>Klubvezet\u0151k: M\u00e9sz\u00e1ros M\u00e1ria \u00e9s Bokrosn\u00e9 Valkai Vikt\u00f3ria<\/strong><\/span><\/p>\n<p><span style=\"font-size: 13pt;\"><strong>Helysz\u00edn: 2800 Tatab\u00e1nya, Plat\u00e1n t\u00e9r 10. Csal\u00e1d \u00e9s Gyermekj\u00f3l\u00e9ti K\u00f6zpont<\/strong><\/span><\/p>\n<p><span style=\"font-size: 13pt;\"><strong>B\u0151vebb inform\u00e1ci\u00f3: 06-34-512-890 telefonsz\u00e1mon<\/strong><\/span><\/p>\n<!-- Begin Yuzo --><div class='yuzo_related_post style-2'  data-version='5.12.90'><!-- without result -->\n<\/div>  <!-- End Yuzo :) -->","protected":false},"excerpt":{"rendered":"<p>A Kisvakond baba-mama klub a Mosolyg\u00f3s Gyermekek\u00e9rt Alap\u00edtv\u00e1ny \u00e9s a TJ ESZI Csal\u00e1d \u00e9s Gyermekj\u00f3l\u00e9ti K\u00f6zpont k\u00f6z\u00f6s szervez\u00e9s\u00e9ben val\u00f3sul meg. A klub c\u00e9lja a kismam\u00e1kban tudatos\u00edtani, hogy mennyire gy\u00f6ny\u00f6r\u0171, de felel\u0151ss\u00e9gteljes hivat\u00e1s any\u00e1nak lenni, \u00e9s teret biztos\u00edtani az anyuk\u00e1knak, apuk\u00e1knak, hogy egym\u00e1ssal tapasztalatot &#8211; \u00e9s inform\u00e1ci\u00f3t cser\u00e9ljenek, a gyereknevel\u00e9ssel kapcsolatos dilemm\u00e1ikat megbesz\u00e9lhess\u00e9k. A gyermekek szocializ\u00e1ci\u00f3j\u00e1nak [&#8230;]<\/p>\n","protected":false},"author":1,"featured_media":0,"parent":0,"menu_order":0,"comment_status":"closed","ping_status":"closed","template":"","meta":{"_acf_changed":false,"_bbp_topic_count":0,"_bbp_reply_count":0,"_bbp_total_topic_count":0,"_bbp_total_reply_count":0,"_bbp_voice_count":0,"_bbp_anonymous_reply_count":0,"_bbp_topic_count_hidden":0,"_bbp_reply_count_hidden":0,"_bbp_forum_subforum_count":0,"jetpack_post_was_ever_published":false,"footnotes":""},"class_list":["post-61","page","type-page","status-publish","hentry","post"],"acf":[],"jetpack_sharing_enabled":true,"jetpack_shortlink":"https:\/\/wp.me\/P6gk0C-Z","_links":{"self":[{"href":"https:\/\/www.mosolygos2002.hu\/index.php?rest_route=\/wp\/v2\/pages\/61","targetHints":{"allow":["GET"]}}],"collection":[{"href":"https:\/\/www.mosolygos2002.hu\/index.php?rest_route=\/wp\/v2\/pages"}],"about":[{"href":"https:\/\/www.mosolygos2002.hu\/index.php?rest_route=\/wp\/v2\/types\/page"}],"author":[{"embeddable":true,"href":"https:\/\/www.mosolygos2002.hu\/index.php?rest_route=\/wp\/v2\/users\/1"}],"replies":[{"embeddable":true,"href":"https:\/\/www.mosolygos2002.hu\/index.php?rest_route=%2Fwp%2Fv2%2Fcomments&post=61"}],"version-history":[{"count":11,"href":"https:\/\/www.mosolygos2002.hu\/index.php?rest_route=\/wp\/v2\/pages\/61\/revisions"}],"predecessor-version":[{"id":8012,"href":"https:\/\/www.mosolygos2002.hu\/index.php?rest_route=\/wp\/v2\/pages\/61\/revisions\/8012"}],"wp:attachment":[{"href":"https:\/\/www.mosolygos2002.hu\/index.php?rest_route=%2Fwp%2Fv2%2Fmedia&parent=61"}],"curies":[{"name":"wp","href":"https:\/\/api.w.org\/{rel}","templated":true}]}}