{"id":6,"date":"2014-11-11T15:42:14","date_gmt":"2014-11-11T15:42:14","guid":{"rendered":"http:\/\/mosolygos.tgco.hu\/mosolygos\/?page_id=6"},"modified":"2020-09-17T08:21:57","modified_gmt":"2020-09-17T06:21:57","slug":"bemutatkozas","status":"publish","type":"page","link":"https:\/\/www.mosolygos2002.hu\/?page_id=6","title":{"rendered":"Bemutatkoz\u00e1s"},"content":{"rendered":"<p><strong>A Mosolyg\u00f3s Gyermekek\u00e9rt Alap\u00edtv\u00e1nyt azzal a c\u00e9llal hoztuk l\u00e9tre, hogy seg\u00edts\u00fck a Tatab\u00e1ny\u00e1n \u00e9s a v\u00e1ros k\u00f6rny\u00e9k\u00e9n, valamint a K\u00f6z\u00e9p-dun\u00e1nt\u00fali R\u00e9gi\u00f3ban \u00e9l\u0151 gyermekeket, fiatalokat valamint csal\u00e1djaikat.<\/strong><\/p>\n<p>Az Alap\u00edtv\u00e1ny kurat\u00f3rium\u00e1nak tagjai szoci\u00e1lis \u00e9s hum\u00e1n szf\u00e9r\u00e1ban dolgoz\u00f3, magasan kvalifik\u00e1lt szakemberek, akik \u00f6nk\u00e9ntes munk\u00e1jukkal is hozz\u00e1j\u00e1rulnak a programok siker\u00e9hez.<\/p>\n<p><strong><em>C\u00e9lunk:<\/em><\/strong><\/p>\n<ul>\n<li>A m\u0171k\u00f6d\u00e9si ter\u00fcleten \u00e9l\u0151 gyerekek, fiatalkor\u00faak \u00e9s csal\u00e1djaik \u00e9lethelyzet\u00e9nek jav\u00edt\u00e1sa, testi-lelki fejl\u0151d\u00e9s\u00e9nek seg\u00edt\u00e9se.<\/li>\n<li>Az ell\u00e1t\u00f3rendszerek (szoci\u00e1lis, oktat\u00e1si, kultur\u00e1lis, eg\u00e9szs\u00e9g\u00fcgyi) hib\u00e1inak, hi\u00e1nyoss\u00e1gainak felt\u00e1r\u00e1sa, jav\u00edt\u00e1sa, p\u00f3tl\u00e1sa.<\/li>\n<li>Civil szervezetekkel val\u00f3 egy\u00fcttm\u0171k\u00f6d\u00e9s k\u00f6z\u00f6s c\u00e9ljaink megval\u00f3s\u00edt\u00e1sa \u00e9rdek\u00e9ben.<\/li>\n<li>C\u00e9ljaink\u00a0megval\u00f3s\u00edt\u00e1s\u00e1nak \u00e9rdek\u00e9ben olyan programokat szervez\u00fcnk, amelyek fejlesztik a gyermekek \u00e9s fiatalkor\u00faak testi, lelki, szellemi k\u00e9pess\u00e9geit, egy\u00e9ni \u00e9s k\u00f6z\u00f6ss\u00e9gi aktivit\u00e1sra \u00f6szt\u00f6nzi \u0151ket.<\/li>\n<\/ul>\n<p><strong><em>Feladataink:<\/em><\/strong><\/p>\n<ul>\n<li>eg\u00e9szs\u00e9gmeg\u0151rz\u00e9s, betegs\u00e9gmegel\u0151z\u00e9s<\/li>\n<li>nevel\u00e9s \u00e9s oktat\u00e1s, k\u00e9pess\u00e9gfejleszt\u00e9s, ismeretterjeszt\u00e9s<\/li>\n<li>kultur\u00e1lis tev\u00e9kenys\u00e9g<\/li>\n<li>h\u00e1tr\u00e1nyos helyzet\u0171 csoportok t\u00e1rsadalmi es\u00e9lyegyenl\u0151s\u00e9g\u00e9nek\u00a0el\u0151seg\u00edt\u00e9se<\/li>\n<li>t\u00e1rsadalmi es\u00e9lyegyenl\u0151s\u00e9g el\u0151seg\u00edt\u00e9se<\/li>\n<li>b\u0171nmegel\u0151z\u00e9s \u00e9s az \u00e1ldozatv\u00e9delem<\/li>\n<li>gyermeki jogok v\u00e9delme<\/li>\n<\/ul>\n<!-- Begin Yuzo --><div class='yuzo_related_post style-2'  data-version='5.12.90'><!-- without result -->\n<\/div>  <!-- End Yuzo :) -->","protected":false},"excerpt":{"rendered":"<p>A Mosolyg\u00f3s Gyermekek\u00e9rt Alap\u00edtv\u00e1nyt azzal a c\u00e9llal hoztuk l\u00e9tre, hogy seg\u00edts\u00fck a Tatab\u00e1ny\u00e1n \u00e9s a v\u00e1ros k\u00f6rny\u00e9k\u00e9n, valamint a K\u00f6z\u00e9p-dun\u00e1nt\u00fali R\u00e9gi\u00f3ban \u00e9l\u0151 gyermekeket, fiatalokat valamint csal\u00e1djaikat. Az Alap\u00edtv\u00e1ny kurat\u00f3rium\u00e1nak tagjai szoci\u00e1lis \u00e9s hum\u00e1n szf\u00e9r\u00e1ban dolgoz\u00f3, magasan kvalifik\u00e1lt szakemberek, akik \u00f6nk\u00e9ntes munk\u00e1jukkal is hozz\u00e1j\u00e1rulnak a programok siker\u00e9hez. C\u00e9lunk: A m\u0171k\u00f6d\u00e9si ter\u00fcleten \u00e9l\u0151 gyerekek, fiatalkor\u00faak \u00e9s csal\u00e1djaik [&#8230;]<\/p>\n","protected":false},"author":1,"featured_media":29,"parent":0,"menu_order":0,"comment_status":"closed","ping_status":"closed","template":"","meta":{"_acf_changed":false,"_bbp_topic_count":0,"_bbp_reply_count":0,"_bbp_total_topic_count":0,"_bbp_total_reply_count":0,"_bbp_voice_count":0,"_bbp_anonymous_reply_count":0,"_bbp_topic_count_hidden":0,"_bbp_reply_count_hidden":0,"_bbp_forum_subforum_count":0,"jetpack_post_was_ever_published":false,"footnotes":""},"class_list":["post-6","page","type-page","status-publish","has-post-thumbnail","hentry","post","post-with-thumbnail","post-with-thumbnail-large"],"acf":[],"jetpack_sharing_enabled":true,"jetpack_shortlink":"https:\/\/wp.me\/P6gk0C-6","_links":{"self":[{"href":"https:\/\/www.mosolygos2002.hu\/index.php?rest_route=\/wp\/v2\/pages\/6","targetHints":{"allow":["GET"]}}],"collection":[{"href":"https:\/\/www.mosolygos2002.hu\/index.php?rest_route=\/wp\/v2\/pages"}],"about":[{"href":"https:\/\/www.mosolygos2002.hu\/index.php?rest_route=\/wp\/v2\/types\/page"}],"author":[{"embeddable":true,"href":"https:\/\/www.mosolygos2002.hu\/index.php?rest_route=\/wp\/v2\/users\/1"}],"replies":[{"embeddable":true,"href":"https:\/\/www.mosolygos2002.hu\/index.php?rest_route=%2Fwp%2Fv2%2Fcomments&post=6"}],"version-history":[{"count":4,"href":"https:\/\/www.mosolygos2002.hu\/index.php?rest_route=\/wp\/v2\/pages\/6\/revisions"}],"predecessor-version":[{"id":1952,"href":"https:\/\/www.mosolygos2002.hu\/index.php?rest_route=\/wp\/v2\/pages\/6\/revisions\/1952"}],"wp:featuredmedia":[{"embeddable":true,"href":"https:\/\/www.mosolygos2002.hu\/index.php?rest_route=\/wp\/v2\/media\/29"}],"wp:attachment":[{"href":"https:\/\/www.mosolygos2002.hu\/index.php?rest_route=%2Fwp%2Fv2%2Fmedia&parent=6"}],"curies":[{"name":"wp","href":"https:\/\/api.w.org\/{rel}","templated":true}]}}