{"id":34,"date":"2014-11-11T17:12:34","date_gmt":"2014-11-11T17:12:34","guid":{"rendered":"http:\/\/mosolygos.tgco.hu\/mosolygos\/?page_id=34"},"modified":"2025-01-22T21:18:33","modified_gmt":"2025-01-22T19:18:33","slug":"cim","status":"publish","type":"page","link":"https:\/\/www.mosolygos2002.hu\/","title":{"rendered":""},"content":{"rendered":"<p style=\"text-align: center;\"><span style=\"font-size: 14pt;\"><strong>Kedves L\u00e1togat\u00f3!<\/strong><\/span><\/p>\n<p style=\"text-align: center;\">\u00a0<\/p>\n<p style=\"text-align: center;\"><span style=\"font-size: 14pt;\">\u00d6r\u00f6mmel k\u00f6sz\u00f6nt\u00fcnk\u00a0 a Mosolyg\u00f3s Gyermekek\u00e9rt Alap\u00edtv\u00e1ny honlapj\u00e1n.<\/span><\/p>\n<p style=\"text-align: center;\"><span style=\"font-size: 14pt;\">Alap\u00edtv\u00e1nyunk 2002 \u00f3ta tev\u00e9kenykedik Tatab\u00e1ny\u00e1n \u00e9s a K\u00f6z\u00e9p-Dun\u00e1nt\u00fali r\u00e9gi\u00f3ban. Oldalunkon t\u00e1j\u00e9koz\u00f3dhatsz aktu\u00e1lis programjainkr\u00f3l, megval\u00f3sult projektjeinkr\u0151l, el\u00e9rhet\u0151s\u00e9geinkr\u0151l, s megtekintheted a rendezv\u00e9nyeken k\u00e9sz\u00fclt f\u00e9nyk\u00e9peinket. Amennyiben k\u00e9rd\u00e9sed van, vedd fel vel\u00fcnk a kapcsolatot. Szeretettel v\u00e1runk rendezv\u00e9nyeinket l\u00e1togat\u00f3k\u00e9nt \u00e9s \u00f6nk\u00e9ntesk\u00e9nt egyar\u00e1nt.<\/span><\/p>\n<p style=\"text-align: center;\"><span style=\"font-size: 14pt;\">Tov\u00e1bbi tartalmas id\u0151t\u00f6lt\u00e9st k\u00edv\u00e1nunk!<\/span><\/p>\n<p style=\"text-align: center;\"><span style=\"font-size: 14pt;\">A Mosolyg\u00f3s Gyermekek\u00e9rt Alap\u00edtv\u00e1ny kurat\u00f3riuma<\/span><\/p>\n<p style=\"text-align: center;\">\u00a0<\/p>\n<p style=\"text-align: center;\"><span style=\"font-size: 14pt;\">Mosolyg\u00f3s Gyermekek\u00e9rt Alap\u00edtv\u00e1ny<\/span><\/p>\n<p style=\"text-align: center;\"><span style=\"font-size: 14pt;\">2800 Tatab\u00e1nya, Mad\u00e1ch Imre utca 108.<\/span><\/p>\n<p style=\"text-align: center;\">\u00a0<\/p>\n<p style=\"text-align: center;\"><span style=\"font-size: 18pt;\"><strong>Ad\u00f3sz\u00e1m: 18613614-1-11<\/strong><\/span><\/p>\n<p style=\"text-align: center;\"><span style=\"font-size: 18pt;\"><strong>Banksz\u00e1mlasz\u00e1m: 11740009-24121835<\/strong><\/span><\/p>\n<p style=\"text-align: center;\">\u00a0<\/p>\n<p style=\"text-align: center;\"><span style=\"font-size: 14pt;\">Alap\u00edt\u00f3k: Megyeri Imre \u00e9s Rig\u00f3 Erik<\/span><\/p>\n<p style=\"text-align: center;\"><span style=\"font-size: 14pt;\">Alap\u00edtva: 2002. 11. 12.<\/span><\/p>\n<p style=\"text-align: center;\">\u00a0<\/p>\n<p style=\"text-align: center;\"><span style=\"font-size: 14pt;\"><strong>El\u00e9rhet\u0151s\u00e9gek:<\/strong><\/span><\/p>\n<p style=\"text-align: center;\"><span style=\"font-size: 14pt;\">www.mosolygos2002.hu<\/span><\/p>\n<p style=\"text-align: center;\"><span style=\"font-size: 14pt;\">mosolygos2002@gmail.com<\/span><\/p>\n<p style=\"text-align: center;\"><span style=\"font-size: 14pt;\">Tel.: 34\/512-890, 30\/969-19-29<\/span><\/p>\n<p>\u00a0<\/p>\n\n\n<p><\/p>\n<!-- Begin Yuzo --><div class='yuzo_related_post style-2'  data-version='5.12.90'><!-- without result -->\n<\/div>  <!-- End Yuzo :) -->","protected":false},"excerpt":{"rendered":"<p>Kedves L\u00e1togat\u00f3! \u00a0 \u00d6r\u00f6mmel k\u00f6sz\u00f6nt\u00fcnk\u00a0 a Mosolyg\u00f3s Gyermekek\u00e9rt Alap\u00edtv\u00e1ny honlapj\u00e1n. Alap\u00edtv\u00e1nyunk 2002 \u00f3ta tev\u00e9kenykedik Tatab\u00e1ny\u00e1n \u00e9s a K\u00f6z\u00e9p-Dun\u00e1nt\u00fali r\u00e9gi\u00f3ban. Oldalunkon t\u00e1j\u00e9koz\u00f3dhatsz aktu\u00e1lis programjainkr\u00f3l, megval\u00f3sult projektjeinkr\u0151l, el\u00e9rhet\u0151s\u00e9geinkr\u0151l, s megtekintheted a rendezv\u00e9nyeken k\u00e9sz\u00fclt f\u00e9nyk\u00e9peinket. Amennyiben k\u00e9rd\u00e9sed van, vedd fel vel\u00fcnk a kapcsolatot. Szeretettel v\u00e1runk rendezv\u00e9nyeinket l\u00e1togat\u00f3k\u00e9nt \u00e9s \u00f6nk\u00e9ntesk\u00e9nt egyar\u00e1nt. Tov\u00e1bbi tartalmas id\u0151t\u00f6lt\u00e9st k\u00edv\u00e1nunk! A Mosolyg\u00f3s Gyermekek\u00e9rt Alap\u00edtv\u00e1ny [&#8230;]<\/p>\n","protected":false},"author":1,"featured_media":0,"parent":0,"menu_order":0,"comment_status":"closed","ping_status":"closed","template":"","meta":{"_acf_changed":false,"_bbp_topic_count":0,"_bbp_reply_count":0,"_bbp_total_topic_count":0,"_bbp_total_reply_count":0,"_bbp_voice_count":0,"_bbp_anonymous_reply_count":0,"_bbp_topic_count_hidden":0,"_bbp_reply_count_hidden":0,"_bbp_forum_subforum_count":0,"jetpack_post_was_ever_published":false,"footnotes":""},"class_list":["post-34","page","type-page","status-publish","hentry","post"],"acf":[],"jetpack_sharing_enabled":true,"jetpack_shortlink":"https:\/\/wp.me\/P6gk0C-y","_links":{"self":[{"href":"https:\/\/www.mosolygos2002.hu\/index.php?rest_route=\/wp\/v2\/pages\/34","targetHints":{"allow":["GET"]}}],"collection":[{"href":"https:\/\/www.mosolygos2002.hu\/index.php?rest_route=\/wp\/v2\/pages"}],"about":[{"href":"https:\/\/www.mosolygos2002.hu\/index.php?rest_route=\/wp\/v2\/types\/page"}],"author":[{"embeddable":true,"href":"https:\/\/www.mosolygos2002.hu\/index.php?rest_route=\/wp\/v2\/users\/1"}],"replies":[{"embeddable":true,"href":"https:\/\/www.mosolygos2002.hu\/index.php?rest_route=%2Fwp%2Fv2%2Fcomments&post=34"}],"version-history":[{"count":35,"href":"https:\/\/www.mosolygos2002.hu\/index.php?rest_route=\/wp\/v2\/pages\/34\/revisions"}],"predecessor-version":[{"id":7991,"href":"https:\/\/www.mosolygos2002.hu\/index.php?rest_route=\/wp\/v2\/pages\/34\/revisions\/7991"}],"wp:attachment":[{"href":"https:\/\/www.mosolygos2002.hu\/index.php?rest_route=%2Fwp%2Fv2%2Fmedia&parent=34"}],"curies":[{"name":"wp","href":"https:\/\/api.w.org\/{rel}","templated":true}]}}