{"id":20,"date":"2014-11-11T15:44:41","date_gmt":"2014-11-11T15:44:41","guid":{"rendered":"http:\/\/mosolygos.tgco.hu\/mosolygos\/?page_id=20"},"modified":"2025-01-22T21:22:41","modified_gmt":"2025-01-22T19:22:41","slug":"1-2","status":"publish","type":"page","link":"https:\/\/www.mosolygos2002.hu\/?page_id=20","title":{"rendered":"1% felaj\u00e1nl\u00e1sa"},"content":{"rendered":"<p>J\u00f6vedelm\u00fcnk ut\u00e1n minden \u00e9vben elk\u00e9sz\u00edtj\u00fck ad\u00f3bevall\u00e1sunkat. Ekkor mindenki lehet\u0151s\u00e9get kap, hogy ad\u00f3ja 1%-\u00e1t k\u00f6zhaszn\u00fa szervezetek t\u00e1mogat\u00e1s\u00e1ra aj\u00e1nlja fel, mely kis k\u00f6lts\u00e9gvet\u00e9s\u0171 alap\u00edtv\u00e1nyk\u00e9nt nagyon fontos sz\u00e1munkra. Az 1 % felaj\u00e1nl\u00e1sokb\u00f3l befolyt \u00f6sszeg seg\u00edts\u00e9get ny\u00fajt abban, hogy programjainkat, t\u00e1borainkat, rendezv\u00e9nyeinket min\u00e9l magasabb sz\u00ednvonalon tudjuk megval\u00f3s\u00edtani, tov\u00e1bb\u00e1 r\u00e1szorul\u00f3 csal\u00e1dok sz\u00e1m\u00e1ra tart\u00f3s \u00e9lelmiszert tudjunk v\u00e1s\u00e1rolni. K\u00e9rj\u00fck, ha egyet\u00e9rt c\u00e9ljainkkal, t\u00f6rekv\u00e9seinkkel, rendelkezzen ad\u00f3ja 1%-\u00e1r\u00f3l \u00e9s t\u00e1mogassa Alap\u00edtv\u00e1nyunkat. Ne felejtse el kit\u00f6lteni az ad\u00f3hat\u00f3s\u00e1g \u00e1ltal biztos\u00edtott nyomtatv\u00e1nyon a vonatkoz\u00f3 r\u00e9szt.<\/p>\n<p>\u00a0<\/p>\n<p style=\"text-align: center;\"><span style=\"font-size: 14pt;\"><strong>Ad\u00f3sz\u00e1munk: 18613614-1-11<\/strong><\/span><\/p>\n<p><strong>\u00a0<\/strong><\/p>\n<p style=\"text-align: right;\">T\u00e1mogat\u00e1s\u00e1t k\u00f6sz\u00f6nj\u00fck.<\/p>\n<p><img loading=\"lazy\" decoding=\"async\" class=\"alignnone size-full wp-image-212\" src=\"\/wp-content\/uploads\/2014\/11\/ado.jpg\" alt=\"ado\" width=\"748\" height=\"396\" srcset=\"\/wp-content\/uploads\/2014\/11\/ado.jpg 748w, \/wp-content\/uploads\/2014\/11\/ado-300x158.jpg 300w, \/wp-content\/uploads\/2014\/11\/ado-720x380.jpg 720w\" sizes=\"auto, (max-width: 748px) 100vw, 748px\" \/><\/p>\n<p><strong><em>Adom\u00e1nyoz\u00e1s:<\/em><\/strong><\/p>\n<p>Amennyiben egyet\u00e9rt c\u00e9ljainkkal \u00e9s t\u00e1mogatn\u00e1 az Alap\u00edtv\u00e1ny \u00e1ltal megval\u00f3s\u00edtani k\u00edv\u00e1nt rendezv\u00e9nyeket, t\u00e1borokat, \u00fagy kapcsolatfelv\u00e9telt k\u00f6vet\u0151en megteheti ezt k\u00e9szp\u00e9nzben, vagy banki \u00e1tutal\u00e1s \u00fatj\u00e1n az MKB Bank Zrt-n\u00e9l vezetett\u00a0<strong>10300002-10600371-49020016<\/strong>\u00a0banksz\u00e1ml\u00e1ra t\u00f6rt\u00e9n\u0151 \u00e1tutal\u00e1ssal. A k\u00f6zlem\u00e9ny rovatban k\u00e9rj\u00fck szerepeltetni, hogy \u201eadom\u00e1ny\u201d. C\u00e9ges adom\u00e1nyoz\u00f3k r\u00e9sz\u00e9re ad\u00f3igazol\u00e1s ki\u00e1ll\u00edt\u00e1s\u00e1t biztos\u00edtjuk.<\/p>\n<p>Amennyiben tart\u00f3s \u00e9lelmiszerrel t\u00e1mogatn\u00e1 alap\u00edtv\u00e1nyunkat, azt c\u00e9lzottan r\u00e1szorul\u00f3 gyermekek, csal\u00e1dok r\u00e9sz\u00e9re juttatjuk el.<\/p>\n\n\n<p><\/p>\n<!-- Begin Yuzo --><div class='yuzo_related_post style-2'  data-version='5.12.90'><!-- without result -->\n<\/div>  <!-- End Yuzo :) -->","protected":false},"excerpt":{"rendered":"<p>J\u00f6vedelm\u00fcnk ut\u00e1n minden \u00e9vben elk\u00e9sz\u00edtj\u00fck ad\u00f3bevall\u00e1sunkat. Ekkor mindenki lehet\u0151s\u00e9get kap, hogy ad\u00f3ja 1%-\u00e1t k\u00f6zhaszn\u00fa szervezetek t\u00e1mogat\u00e1s\u00e1ra aj\u00e1nlja fel, mely kis k\u00f6lts\u00e9gvet\u00e9s\u0171 alap\u00edtv\u00e1nyk\u00e9nt nagyon fontos sz\u00e1munkra. Az 1 % felaj\u00e1nl\u00e1sokb\u00f3l befolyt \u00f6sszeg seg\u00edts\u00e9get ny\u00fajt abban, hogy programjainkat, t\u00e1borainkat, rendezv\u00e9nyeinket min\u00e9l magasabb sz\u00ednvonalon tudjuk megval\u00f3s\u00edtani, tov\u00e1bb\u00e1 r\u00e1szorul\u00f3 csal\u00e1dok sz\u00e1m\u00e1ra tart\u00f3s \u00e9lelmiszert tudjunk v\u00e1s\u00e1rolni. K\u00e9rj\u00fck, ha egyet\u00e9rt c\u00e9ljainkkal, [&#8230;]<\/p>\n","protected":false},"author":1,"featured_media":0,"parent":0,"menu_order":0,"comment_status":"closed","ping_status":"closed","template":"","meta":{"_acf_changed":false,"_bbp_topic_count":0,"_bbp_reply_count":0,"_bbp_total_topic_count":0,"_bbp_total_reply_count":0,"_bbp_voice_count":0,"_bbp_anonymous_reply_count":0,"_bbp_topic_count_hidden":0,"_bbp_reply_count_hidden":0,"_bbp_forum_subforum_count":0,"jetpack_post_was_ever_published":false,"footnotes":""},"class_list":["post-20","page","type-page","status-publish","hentry","post"],"acf":[],"jetpack_sharing_enabled":true,"jetpack_shortlink":"https:\/\/wp.me\/P6gk0C-k","_links":{"self":[{"href":"https:\/\/www.mosolygos2002.hu\/index.php?rest_route=\/wp\/v2\/pages\/20","targetHints":{"allow":["GET"]}}],"collection":[{"href":"https:\/\/www.mosolygos2002.hu\/index.php?rest_route=\/wp\/v2\/pages"}],"about":[{"href":"https:\/\/www.mosolygos2002.hu\/index.php?rest_route=\/wp\/v2\/types\/page"}],"author":[{"embeddable":true,"href":"https:\/\/www.mosolygos2002.hu\/index.php?rest_route=\/wp\/v2\/users\/1"}],"replies":[{"embeddable":true,"href":"https:\/\/www.mosolygos2002.hu\/index.php?rest_route=%2Fwp%2Fv2%2Fcomments&post=20"}],"version-history":[{"count":15,"href":"https:\/\/www.mosolygos2002.hu\/index.php?rest_route=\/wp\/v2\/pages\/20\/revisions"}],"predecessor-version":[{"id":7993,"href":"https:\/\/www.mosolygos2002.hu\/index.php?rest_route=\/wp\/v2\/pages\/20\/revisions\/7993"}],"wp:attachment":[{"href":"https:\/\/www.mosolygos2002.hu\/index.php?rest_route=%2Fwp%2Fv2%2Fmedia&parent=20"}],"curies":[{"name":"wp","href":"https:\/\/api.w.org\/{rel}","templated":true}]}}