{"id":16,"date":"2014-11-11T15:44:16","date_gmt":"2014-11-11T15:44:16","guid":{"rendered":"http:\/\/mosolygos.tgco.hu\/mosolygos\/?page_id=16"},"modified":"2020-09-17T09:59:37","modified_gmt":"2020-09-17T07:59:37","slug":"kapcsolat","status":"publish","type":"page","link":"https:\/\/www.mosolygos2002.hu\/?page_id=16","title":{"rendered":"Kapcsolat"},"content":{"rendered":"<p>A Mosolyg\u00f3s Gyermekek\u00e9rt Alap\u00edtv\u00e1ny el\u00e9rhet\u0151s\u00e9gei<br \/>\n<big><\/big><\/p>\n<table class=\"t\">\n<tbody>\n<tr>\n<td class=\"aboutLeft\">Levelez\u00e9si c\u00edm<\/td>\n<td class=\"aboutRight\">2800 Tatab\u00e1nya, Plat\u00e1n t\u00e9r 10.<\/td>\n<\/tr>\n<tr>\n<td class=\"aboutLeft\">Sz\u00e9khely<\/td>\n<td class=\"aboutRight\">2800 Tatab\u00e1nya, Mad\u00e1ch Imre utca 108.<\/td>\n<\/tr>\n<tr>\n<td class=\"aboutLeft\">Telefon<\/td>\n<td class=\"aboutRight\">+36 30\/969 1929<\/td>\n<\/tr>\n<tr>\n<td class=\"aboutLeft\">Telefon<\/td>\n<td class=\"aboutRight\">+34\/ 512-890<\/td>\n<\/tr>\n<tr>\n<td class=\"aboutLeft\">E-mail<\/td>\n<td class=\"aboutRight\">mosolygos2002@gmail.com<\/td>\n<\/tr>\n<\/tbody>\n<\/table>\n<table width=\"100%\">\n<tbody>\n<tr>\n<td style=\"text-align: center;\"><img loading=\"lazy\" decoding=\"async\" class=\"alignnone size-thumbnail wp-image-180\" src=\"\/wp-content\/uploads\/2014\/11\/phone-qrcode1-150x150.png\" alt=\"phone-qrcode\" width=\"150\" height=\"150\" srcset=\"\/wp-content\/uploads\/2014\/11\/phone-qrcode1-150x150.png 150w, \/wp-content\/uploads\/2014\/11\/phone-qrcode1-300x300.png 300w, \/wp-content\/uploads\/2014\/11\/phone-qrcode1.png 435w\" sizes=\"auto, (max-width: 150px) 100vw, 150px\" \/><\/td>\n<td style=\"text-align: center;\">\u00a0<img loading=\"lazy\" decoding=\"async\" class=\"alignnone size-thumbnail wp-image-181\" src=\"\/wp-content\/uploads\/2014\/11\/email-qrcode1-150x150.png\" alt=\"email-qrcode\" width=\"150\" height=\"150\" srcset=\"\/wp-content\/uploads\/2014\/11\/email-qrcode1-150x150.png 150w, \/wp-content\/uploads\/2014\/11\/email-qrcode1-300x300.png 300w, \/wp-content\/uploads\/2014\/11\/email-qrcode1.png 555w\" sizes=\"auto, (max-width: 150px) 100vw, 150px\" \/><\/td>\n<td style=\"text-align: center;\">\u00a0<img loading=\"lazy\" decoding=\"async\" class=\"alignnone size-thumbnail wp-image-182\" src=\"\/wp-content\/uploads\/2014\/11\/location-qrcode1-150x150.png\" alt=\"location-qrcode\" width=\"150\" height=\"150\" srcset=\"\/wp-content\/uploads\/2014\/11\/location-qrcode1-150x150.png 150w, \/wp-content\/uploads\/2014\/11\/location-qrcode1-300x300.png 300w, \/wp-content\/uploads\/2014\/11\/location-qrcode1.png 735w\" sizes=\"auto, (max-width: 150px) 100vw, 150px\" \/><\/td>\n<\/tr>\n<\/tbody>\n<\/table>\n<!-- Begin Yuzo --><div class='yuzo_related_post style-2'  data-version='5.12.90'><!-- without result -->\n<\/div>  <!-- End Yuzo :) -->","protected":false},"excerpt":{"rendered":"<p>A Mosolyg\u00f3s Gyermekek\u00e9rt Alap\u00edtv\u00e1ny el\u00e9rhet\u0151s\u00e9gei Levelez\u00e9si c\u00edm 2800 Tatab\u00e1nya, Plat\u00e1n t\u00e9r 10. Sz\u00e9khely 2800 Tatab\u00e1nya, Mad\u00e1ch Imre utca 108. Telefon +36 30\/969 1929 Telefon +34\/ 512-890 E-mail mosolygos2002@gmail.com \u00a0 \u00a0<\/p>\n","protected":false},"author":1,"featured_media":0,"parent":0,"menu_order":0,"comment_status":"closed","ping_status":"closed","template":"","meta":{"_acf_changed":false,"_bbp_topic_count":0,"_bbp_reply_count":0,"_bbp_total_topic_count":0,"_bbp_total_reply_count":0,"_bbp_voice_count":0,"_bbp_anonymous_reply_count":0,"_bbp_topic_count_hidden":0,"_bbp_reply_count_hidden":0,"_bbp_forum_subforum_count":0,"jetpack_post_was_ever_published":false,"footnotes":""},"class_list":["post-16","page","type-page","status-publish","hentry","post"],"acf":[],"jetpack_sharing_enabled":true,"jetpack_shortlink":"https:\/\/wp.me\/P6gk0C-g","_links":{"self":[{"href":"https:\/\/www.mosolygos2002.hu\/index.php?rest_route=\/wp\/v2\/pages\/16","targetHints":{"allow":["GET"]}}],"collection":[{"href":"https:\/\/www.mosolygos2002.hu\/index.php?rest_route=\/wp\/v2\/pages"}],"about":[{"href":"https:\/\/www.mosolygos2002.hu\/index.php?rest_route=\/wp\/v2\/types\/page"}],"author":[{"embeddable":true,"href":"https:\/\/www.mosolygos2002.hu\/index.php?rest_route=\/wp\/v2\/users\/1"}],"replies":[{"embeddable":true,"href":"https:\/\/www.mosolygos2002.hu\/index.php?rest_route=%2Fwp%2Fv2%2Fcomments&post=16"}],"version-history":[{"count":4,"href":"https:\/\/www.mosolygos2002.hu\/index.php?rest_route=\/wp\/v2\/pages\/16\/revisions"}],"predecessor-version":[{"id":1994,"href":"https:\/\/www.mosolygos2002.hu\/index.php?rest_route=\/wp\/v2\/pages\/16\/revisions\/1994"}],"wp:attachment":[{"href":"https:\/\/www.mosolygos2002.hu\/index.php?rest_route=%2Fwp%2Fv2%2Fmedia&parent=16"}],"curies":[{"name":"wp","href":"https:\/\/api.w.org\/{rel}","templated":true}]}}